{"id":14,"date":"2025-10-30T21:41:36","date_gmt":"2025-10-30T20:41:36","guid":{"rendered":"https:\/\/cdategina.es\/?page_id=14"},"modified":"2025-10-31T17:13:02","modified_gmt":"2025-10-31T16:13:02","slug":"inicio","status":"publish","type":"page","link":"https:\/\/cdategina.es\/","title":{"rendered":"Inicio"},"content":{"rendered":"\n<figure class=\"wp-block-image size-full\"><img loading=\"lazy\" decoding=\"async\" width=\"675\" height=\"300\" src=\"https:\/\/cdategina.es\/wp-content\/uploads\/2025\/10\/logo_grande.png\" alt=\"CD Ategina\" class=\"wp-image-62\" srcset=\"https:\/\/cdategina.es\/wp-content\/uploads\/2025\/10\/logo_grande.png 675w, https:\/\/cdategina.es\/wp-content\/uploads\/2025\/10\/logo_grande-300x133.png 300w\" sizes=\"auto, (max-width: 675px) 100vw, 675px\" \/><\/figure>\n\n\n\n<p>Cerca de la poblaci\u00f3n de Cheste, en un paraje natural de gran belleza, se encuentra el Centro de D\u00eda Ategina, donde contamos con las instalaciones y personal especializado para dar la mejor atenci\u00f3n a nuestros mayores. Con actividades como yoga, taich\u00ed, masajes, hidroterapia, paseos, etc. Ofrecemos servicios de salud natural con la filosof\u00eda de alimentaci\u00f3n vegetariana y complementos que aseguran una gran calidad de vida en la tercera edad.<\/p>\n\n\n\n<hr class=\"wp-block-separator has-alpha-channel-opacity\"\/>\n\n\n\n<hr class=\"wp-block-separator has-alpha-channel-opacity\"\/>\n\n\n\n<div class=\"wp-block-cover alignfull is-light hestia-clear-top-padding\"><span aria-hidden=\"true\" class=\"wp-block-cover__background has-white-background-color has-background-dim-100 has-background-dim\"><\/span><div class=\"wp-block-cover__inner-container is-layout-flow wp-block-cover-is-layout-flow\">\n<div class=\"wp-block-columns container is-layout-flex wp-container-core-columns-is-layout-28f84493 wp-block-columns-is-layout-flex\">\n<div class=\"wp-block-column is-layout-flow wp-block-column-is-layout-flow\"><div class=\"wp-block-image\">\n<figure class=\"aligncenter size-full\"><a href=\"https:\/\/cdategina.es\/index.php\/actividades\/\"><img loading=\"lazy\" decoding=\"async\" width=\"400\" height=\"215\" src=\"https:\/\/cdategina.es\/wp-content\/uploads\/2025\/10\/actividades.jpg\" alt=\"CD Ategina Actividades\" class=\"wp-image-46\" srcset=\"https:\/\/cdategina.es\/wp-content\/uploads\/2025\/10\/actividades.jpg 400w, https:\/\/cdategina.es\/wp-content\/uploads\/2025\/10\/actividades-300x161.jpg 300w\" sizes=\"auto, (max-width: 400px) 100vw, 400px\" \/><\/a><\/figure>\n<\/div>\n\n\n<h5 class=\"wp-block-heading has-text-align-center has-text-color\" style=\"color:#3c4858;font-size:18px\"><a href=\"https:\/\/cdategina.es\/index.php\/actividades\/\">Actividades<\/a><\/h5>\n\n\n\n<p class=\"has-text-align-center has-text-color\" style=\"color:#999999;font-size:14px\">Yoga, taich\u00ed, masajes, hidroterapia con la Butaca Dulcinea, bailes, paseos, puzzles para la memoria, terapia de la risa, etc..<\/p>\n\n\n\n<div style=\"height:25px\" aria-hidden=\"true\" class=\"wp-block-spacer\"><\/div>\n<\/div>\n\n\n\n<div class=\"wp-block-column is-layout-flow wp-block-column-is-layout-flow\"><div class=\"wp-block-image\">\n<figure class=\"aligncenter size-full\"><a href=\"https:\/\/cdategina.es\/index.php\/instalaciones\/\"><img loading=\"lazy\" decoding=\"async\" width=\"400\" height=\"215\" src=\"https:\/\/cdategina.es\/wp-content\/uploads\/2025\/10\/instalaciones.jpg\" alt=\"CD Ategina Instalaciones\" class=\"wp-image-47\" srcset=\"https:\/\/cdategina.es\/wp-content\/uploads\/2025\/10\/instalaciones.jpg 400w, https:\/\/cdategina.es\/wp-content\/uploads\/2025\/10\/instalaciones-300x161.jpg 300w\" sizes=\"auto, (max-width: 400px) 100vw, 400px\" \/><\/a><\/figure>\n<\/div>\n\n\n<h5 class=\"wp-block-heading has-text-align-center has-text-color\" style=\"color:#3c4858;font-size:18px\"><a href=\"https:\/\/cdategina.es\/index.php\/instalaciones\/\">Instalaciones<\/a><\/h5>\n\n\n\n<p class=\"has-text-align-center has-text-color\" style=\"color:#999999;font-size:14px\">En la Urbanizaci\u00f3n la Balsilla en Cheste, en un paraje natural de gran belleza.<\/p>\n\n\n\n<div style=\"height:25px\" aria-hidden=\"true\" class=\"wp-block-spacer\"><\/div>\n<\/div>\n\n\n\n<div class=\"wp-block-column is-layout-flow wp-block-column-is-layout-flow\"><div class=\"wp-block-image\">\n<figure class=\"aligncenter size-full\"><a href=\"https:\/\/cdategina.es\/index.php\/salud\/\"><img loading=\"lazy\" decoding=\"async\" width=\"400\" height=\"215\" src=\"https:\/\/cdategina.es\/wp-content\/uploads\/2025\/10\/salud.jpg\" alt=\"CD Ategina Salud\" class=\"wp-image-49\" srcset=\"https:\/\/cdategina.es\/wp-content\/uploads\/2025\/10\/salud.jpg 400w, https:\/\/cdategina.es\/wp-content\/uploads\/2025\/10\/salud-300x161.jpg 300w\" sizes=\"auto, (max-width: 400px) 100vw, 400px\" \/><\/a><\/figure>\n<\/div>\n\n\n<h5 class=\"wp-block-heading has-text-align-center has-text-color\" style=\"color:#3c4858;font-size:18px\"><a href=\"https:\/\/cdategina.es\/index.php\/salud\/\">Salud<\/a><\/h5>\n\n\n\n<p class=\"has-text-align-center has-text-color\" style=\"color:#999999;font-size:14px\">Comida vegetariana, procurando la mejor alimentaci\u00f3n para tratar las diferentes dolencias de nuestros clientes.<\/p>\n\n\n\n<div style=\"height:25px\" aria-hidden=\"true\" class=\"wp-block-spacer\"><\/div>\n<\/div>\n<\/div>\n\n\n\n<div style=\"height:40px\" aria-hidden=\"true\" class=\"wp-block-spacer\"><\/div>\n<\/div><\/div>\n\n\n\n<div class=\"wp-block-columns container is-layout-flex wp-container-core-columns-is-layout-28f84493 wp-block-columns-is-layout-flex\"><\/div>\n","protected":false},"excerpt":{"rendered":"<p>Cerca de la poblaci\u00f3n de Cheste, en un paraje natural de gran belleza, se encuentra el Centro de D\u00eda Ategina, donde contamos con las instalaciones y personal especializado para dar la mejor atenci\u00f3n a nuestros mayores. Con actividades como yoga, taich\u00ed, masajes, hidroterapia, paseos, etc. Ofrecemos servicios de salud natural [&hellip;]<\/p>\n","protected":false},"author":1,"featured_media":0,"parent":0,"menu_order":0,"comment_status":"closed","ping_status":"closed","template":"","meta":{"footnotes":""},"class_list":["post-14","page","type-page","status-publish","hentry"],"_links":{"self":[{"href":"https:\/\/cdategina.es\/index.php\/wp-json\/wp\/v2\/pages\/14","targetHints":{"allow":["GET"]}}],"collection":[{"href":"https:\/\/cdategina.es\/index.php\/wp-json\/wp\/v2\/pages"}],"about":[{"href":"https:\/\/cdategina.es\/index.php\/wp-json\/wp\/v2\/types\/page"}],"author":[{"embeddable":true,"href":"https:\/\/cdategina.es\/index.php\/wp-json\/wp\/v2\/users\/1"}],"replies":[{"embeddable":true,"href":"https:\/\/cdategina.es\/index.php\/wp-json\/wp\/v2\/comments?post=14"}],"version-history":[{"count":9,"href":"https:\/\/cdategina.es\/index.php\/wp-json\/wp\/v2\/pages\/14\/revisions"}],"predecessor-version":[{"id":97,"href":"https:\/\/cdategina.es\/index.php\/wp-json\/wp\/v2\/pages\/14\/revisions\/97"}],"wp:attachment":[{"href":"https:\/\/cdategina.es\/index.php\/wp-json\/wp\/v2\/media?parent=14"}],"curies":[{"name":"wp","href":"https:\/\/api.w.org\/{rel}","templated":true}]}}